{"id":4272,"date":"2024-10-09T08:29:32","date_gmt":"2024-10-09T08:29:32","guid":{"rendered":"https:\/\/www.takecare-beauty.com\/private-space-customers"},"modified":"2024-11-13T10:10:21","modified_gmt":"2024-11-13T10:10:21","slug":"private-space-customers","status":"publish","type":"page","link":"https:\/\/www.takecare-beauty.com\/en\/private-space-customers","title":{"rendered":"Private space customers"},"content":{"rendered":"\t\t<div data-elementor-type=\"wp-page\" data-elementor-id=\"4272\" class=\"elementor elementor-4272\">\n\t\t\t\t<div class=\"elementor-element elementor-element-85cb4f6 e-con-full e-flex e-con e-parent\" data-id=\"85cb4f6\" data-element_type=\"container\" data-e-type=\"container\" data-settings=\"{&quot;background_background&quot;:&quot;classic&quot;}\">\n\t\t<div class=\"elementor-element elementor-element-f89fadc e-con-full e-flex e-con e-child\" data-id=\"f89fadc\" data-element_type=\"container\" data-e-type=\"container\" data-settings=\"{&quot;background_background&quot;:&quot;gradient&quot;}\">\n\t\t\t\t<div class=\"elementor-element elementor-element-4a23e66 h1-blanc elementor-widget elementor-widget-heading\" data-id=\"4a23e66\" data-element_type=\"widget\" data-e-type=\"widget\" data-widget_type=\"heading.default\">\n\t\t\t\t<div class=\"elementor-widget-container\">\n\t\t\t\t\t<h1 class=\"elementor-heading-title elementor-size-default\">Private space customers<\/h1>\t\t\t\t<\/div>\n\t\t\t\t<\/div>\n\t\t\t\t<div class=\"elementor-element elementor-element-5a30f7d elementor-hidden-desktop elementor-hidden-tablet elementor-hidden-mobile elementor-widget elementor-widget-text-editor\" data-id=\"5a30f7d\" data-element_type=\"widget\" data-e-type=\"widget\" data-widget_type=\"text-editor.default\">\n\t\t\t\t<div class=\"elementor-widget-container\">\n\t\t\t\t\t\t\t\t\t<p>If you&#8217;re an individual looking for more information about our offers or for personalised advice, we&#8217;d be delighted to hear from you. Simply fill in the fields below, and we&#8217;ll be happy to get back to you as soon as possible. <\/p>\n\t\t\t\t\t\t\t\t<\/div>\n\t\t\t\t<\/div>\n\t\t\t\t<\/div>\n\t\t<div class=\"elementor-element elementor-element-131cb00 e-con-full e-flex e-con e-child\" data-id=\"131cb00\" data-element_type=\"container\" data-e-type=\"container\" data-settings=\"{&quot;background_background&quot;:&quot;classic&quot;}\">\n\t\t<div class=\"elementor-element elementor-element-1920e8a e-con-full e-flex e-con e-child\" data-id=\"1920e8a\" data-element_type=\"container\" data-e-type=\"container\">\n\t\t\t\t<div class=\"elementor-element elementor-element-b2990d7 lien_1 elementor-widget elementor-widget-text-editor\" data-id=\"b2990d7\" data-element_type=\"widget\" data-e-type=\"widget\" data-widget_type=\"text-editor.default\">\n\t\t\t\t<div class=\"elementor-widget-container\">\n\t\t\t\t\t\t\t\t\t<p>&lt; <a href=\"https:\/\/www.takecare-beauty.com\/en\">Back<\/a><\/p>\n\t\t\t\t\t\t\t\t<\/div>\n\t\t\t\t<\/div>\n\t\t\t\t<div class=\"elementor-element elementor-element-dce6c2e elementor-widget elementor-widget-site-logo\" data-id=\"dce6c2e\" data-element_type=\"widget\" data-e-type=\"widget\" data-settings=\"{&quot;width&quot;:{&quot;unit&quot;:&quot;px&quot;,&quot;size&quot;:180,&quot;sizes&quot;:[]},&quot;width_tablet&quot;:{&quot;unit&quot;:&quot;px&quot;,&quot;size&quot;:&quot;&quot;,&quot;sizes&quot;:[]},&quot;width_mobile&quot;:{&quot;unit&quot;:&quot;px&quot;,&quot;size&quot;:100,&quot;sizes&quot;:[]},&quot;align&quot;:&quot;center&quot;,&quot;space&quot;:{&quot;unit&quot;:&quot;%&quot;,&quot;size&quot;:&quot;&quot;,&quot;sizes&quot;:[]},&quot;space_tablet&quot;:{&quot;unit&quot;:&quot;%&quot;,&quot;size&quot;:&quot;&quot;,&quot;sizes&quot;:[]},&quot;space_mobile&quot;:{&quot;unit&quot;:&quot;%&quot;,&quot;size&quot;:&quot;&quot;,&quot;sizes&quot;:[]},&quot;image_border_radius&quot;:{&quot;unit&quot;:&quot;px&quot;,&quot;top&quot;:&quot;&quot;,&quot;right&quot;:&quot;&quot;,&quot;bottom&quot;:&quot;&quot;,&quot;left&quot;:&quot;&quot;,&quot;isLinked&quot;:true},&quot;image_border_radius_tablet&quot;:{&quot;unit&quot;:&quot;px&quot;,&quot;top&quot;:&quot;&quot;,&quot;right&quot;:&quot;&quot;,&quot;bottom&quot;:&quot;&quot;,&quot;left&quot;:&quot;&quot;,&quot;isLinked&quot;:true},&quot;image_border_radius_mobile&quot;:{&quot;unit&quot;:&quot;px&quot;,&quot;top&quot;:&quot;&quot;,&quot;right&quot;:&quot;&quot;,&quot;bottom&quot;:&quot;&quot;,&quot;left&quot;:&quot;&quot;,&quot;isLinked&quot;:true},&quot;caption_padding&quot;:{&quot;unit&quot;:&quot;px&quot;,&quot;top&quot;:&quot;&quot;,&quot;right&quot;:&quot;&quot;,&quot;bottom&quot;:&quot;&quot;,&quot;left&quot;:&quot;&quot;,&quot;isLinked&quot;:true},&quot;caption_padding_tablet&quot;:{&quot;unit&quot;:&quot;px&quot;,&quot;top&quot;:&quot;&quot;,&quot;right&quot;:&quot;&quot;,&quot;bottom&quot;:&quot;&quot;,&quot;left&quot;:&quot;&quot;,&quot;isLinked&quot;:true},&quot;caption_padding_mobile&quot;:{&quot;unit&quot;:&quot;px&quot;,&quot;top&quot;:&quot;&quot;,&quot;right&quot;:&quot;&quot;,&quot;bottom&quot;:&quot;&quot;,&quot;left&quot;:&quot;&quot;,&quot;isLinked&quot;:true},&quot;caption_space&quot;:{&quot;unit&quot;:&quot;px&quot;,&quot;size&quot;:0,&quot;sizes&quot;:[]},&quot;caption_space_tablet&quot;:{&quot;unit&quot;:&quot;px&quot;,&quot;size&quot;:&quot;&quot;,&quot;sizes&quot;:[]},&quot;caption_space_mobile&quot;:{&quot;unit&quot;:&quot;px&quot;,&quot;size&quot;:&quot;&quot;,&quot;sizes&quot;:[]}}\" data-widget_type=\"site-logo.default\">\n\t\t\t\t<div class=\"elementor-widget-container\">\n\t\t\t\t\t\t\t<div class=\"hfe-site-logo\">\n\t\t\t\t\t\t\t\t\t<div class=\"hfe-site-logo-set\">           \n\t\t\t\t<div class=\"hfe-site-logo-container\">\n\t\t\t\t\t\t\t\t\t<img decoding=\"async\" class=\"hfe-site-logo-img elementor-animation- lazyload\"  data-src=\"https:\/\/www.takecare-beauty.com\/wp-content\/uploads\/2024\/09\/TAKE-CARE-LOGO-couleurs-17-2.png\" alt=\"default-logo\" src=\"data:image\/svg+xml;base64,PHN2ZyB3aWR0aD0iMSIgaGVpZ2h0PSIxIiB4bWxucz0iaHR0cDovL3d3dy53My5vcmcvMjAwMC9zdmciPjwvc3ZnPg==\" style=\"--smush-placeholder-width: 680px; --smush-placeholder-aspect-ratio: 680\/232;\" \/>\n\t\t\t\t<\/div>\n\t\t\t<\/div>\n\t\t\t\t\t\t<\/div>  \n\t\t\t\t\t\t\t<\/div>\n\t\t\t\t<\/div>\n\t\t\t\t<\/div>\n\t\t<div class=\"elementor-element elementor-element-ed67a70 e-con-full e-flex e-con e-child\" data-id=\"ed67a70\" data-element_type=\"container\" data-e-type=\"container\">\n\t\t\t\t<div class=\"elementor-element elementor-element-0a38a07 elementor-widget elementor-widget-heading\" data-id=\"0a38a07\" data-element_type=\"widget\" data-e-type=\"widget\" data-widget_type=\"heading.default\">\n\t\t\t\t<div class=\"elementor-widget-container\">\n\t\t\t\t\t<h3 class=\"elementor-heading-title elementor-size-default\">Welcome to the Private space customers<\/h3>\t\t\t\t<\/div>\n\t\t\t\t<\/div>\n\t\t\t\t<div class=\"elementor-element elementor-element-1860dad lien_1 elementor-widget elementor-widget-text-editor\" data-id=\"1860dad\" data-element_type=\"widget\" data-e-type=\"widget\" data-widget_type=\"text-editor.default\">\n\t\t\t\t<div class=\"elementor-widget-container\">\n\t\t\t\t\t\t\t\t\t<p><a href=\"https:\/\/www.takecare-beauty.com\/en\/professional-space\"><span style=\"text-decoration: underline;\">Are you a professional?<\/span><\/a><\/p>\n\t\t\t\t\t\t\t\t<\/div>\n\t\t\t\t<\/div>\n\t\t\t\t<div class=\"elementor-element elementor-element-7a76553 elementor-widget elementor-widget-text-editor\" data-id=\"7a76553\" data-element_type=\"widget\" data-e-type=\"widget\" data-widget_type=\"text-editor.default\">\n\t\t\t\t<div class=\"elementor-widget-container\">\n\t\t\t\t\t\t\t\t\t<p>If you&#8217;re an individual looking for more information about our offers or for personalised advice, we&#8217;d be delighted to hear from you. Simply fill in the fields below, and we&#8217;ll be happy to get back to you as soon as possible. <\/p>\n\t\t\t\t\t\t\t\t<\/div>\n\t\t\t\t<\/div>\n\t\t\t\t<div class=\"elementor-element elementor-element-277e375 formulaire-css elementor-widget elementor-widget-shortcode\" data-id=\"277e375\" data-element_type=\"widget\" data-e-type=\"widget\" data-widget_type=\"shortcode.default\">\n\t\t\t\t<div class=\"elementor-widget-container\">\n\t\t\t\t\t\t\t<div class=\"elementor-shortcode\">\n<div class=\"wpcf7 no-js\" id=\"wpcf7-f4977-o1\" lang=\"fr-FR\" dir=\"ltr\" data-wpcf7-id=\"4977\">\n<div class=\"screen-reader-response\"><p role=\"status\" aria-live=\"polite\" aria-atomic=\"true\"><\/p> <ul><\/ul><\/div>\n<form action=\"\/en\/wp-json\/wp\/v2\/pages\/4272#wpcf7-f4977-o1\" method=\"post\" class=\"wpcf7-form init\" aria-label=\"Formulaire de contact\" novalidate=\"novalidate\" data-status=\"init\">\n<fieldset class=\"hidden-fields-container\"><input type=\"hidden\" name=\"_wpcf7\" value=\"4977\" \/><input type=\"hidden\" name=\"_wpcf7_version\" value=\"6.1.5\" \/><input type=\"hidden\" name=\"_wpcf7_locale\" value=\"fr_FR\" \/><input type=\"hidden\" name=\"_wpcf7_unit_tag\" value=\"wpcf7-f4977-o1\" \/><input type=\"hidden\" name=\"_wpcf7_container_post\" value=\"0\" \/><input type=\"hidden\" name=\"_wpcf7_posted_data_hash\" value=\"\" \/>\n<\/fieldset>\n<p class=\"full-label\"><label><br \/>\n<span class=\"wpcf7-form-control-wrap\" data-name=\"message\"><textarea cols=\"40\" rows=\"10\" maxlength=\"2000\" class=\"wpcf7-form-control wpcf7-textarea\" aria-invalid=\"false\" placeholder=\"Message\" name=\"message\"><\/textarea><\/span> <\/label>\n<\/p>\n<p class=\"demi-label\"><label><br \/>\n<span class=\"wpcf7-form-control-wrap\" data-name=\"nom\"><input size=\"40\" maxlength=\"400\" class=\"wpcf7-form-control wpcf7-text wpcf7-validates-as-required\" autocomplete=\"family-name\" aria-required=\"true\" aria-invalid=\"false\" placeholder=\"Name*\" value=\"\" type=\"text\" name=\"nom\" \/><\/span> <\/label>\n<\/p>\n<p class=\"demi-label\"><label><br \/>\n<span class=\"wpcf7-form-control-wrap\" data-name=\"prenom\"><input size=\"40\" maxlength=\"400\" class=\"wpcf7-form-control wpcf7-text wpcf7-validates-as-required\" autocomplete=\"given-name\" aria-required=\"true\" aria-invalid=\"false\" placeholder=\"First name*\" value=\"\" type=\"text\" name=\"prenom\" \/><\/span> <\/label>\n<\/p>\n<p class=\"demi-label\"><label><br \/>\n<span class=\"wpcf7-form-control-wrap\" data-name=\"email\"><input size=\"40\" maxlength=\"400\" class=\"wpcf7-form-control wpcf7-email wpcf7-validates-as-required wpcf7-text wpcf7-validates-as-email\" autocomplete=\"email\" aria-required=\"true\" aria-invalid=\"false\" placeholder=\"Email*\" value=\"\" type=\"email\" name=\"email\" \/><\/span> <\/label>\n<\/p>\n<p class=\"demi-label\"><label><br \/>\n<span class=\"wpcf7-form-control-wrap\" data-name=\"telephone\"><input size=\"40\" maxlength=\"400\" class=\"wpcf7-form-control wpcf7-tel wpcf7-text wpcf7-validates-as-tel\" aria-invalid=\"false\" placeholder=\"Phone\" value=\"\" type=\"tel\" name=\"telephone\" \/><\/span> <\/label>\n<\/p>\n<p><input class=\"wpcf7-form-control wpcf7-submit has-spinner\" type=\"submit\" value=\"Send your request\" \/>\n<\/p><div class=\"wpcf7-response-output\" aria-hidden=\"true\"><\/div>\n<\/form>\n<\/div>\n<\/div>\n\t\t\t\t\t\t<\/div>\n\t\t\t\t<\/div>\n\t\t\t\t<\/div>\n\t\t\t\t<\/div>\n\t\t\t\t<\/div>\n\t\t\t\t<\/div>\n\t\t","protected":false},"excerpt":{"rendered":"<p>Private space customers If you&#8217;re an individual looking for more information about our offers or for personalised advice, we&#8217;d be delighted to hear from you. Simply fill in the fields below, and we&#8217;ll be happy to get back to you as soon as possible. &lt; Back Welcome to the Private space customers Are you a [&hellip;]<\/p>\n","protected":false},"author":1,"featured_media":0,"parent":0,"menu_order":0,"comment_status":"closed","ping_status":"closed","template":"","meta":{"footnotes":""},"class_list":["post-4272","page","type-page","status-publish","hentry"],"yoast_head":"<!-- This site is optimized with the Yoast SEO plugin v27.2 - https:\/\/yoast.com\/product\/yoast-seo-wordpress\/ -->\n<title>Private space customers - TakeCare<\/title>\n<meta name=\"robots\" content=\"index, follow, max-snippet:-1, max-image-preview:large, max-video-preview:-1\" \/>\n<link rel=\"canonical\" href=\"https:\/\/www.takecare-beauty.com\/en\/private-space-customers\" \/>\n<meta property=\"og:locale\" content=\"en_US\" \/>\n<meta property=\"og:type\" content=\"article\" \/>\n<meta property=\"og:title\" content=\"Private space customers - TakeCare\" \/>\n<meta property=\"og:description\" content=\"Private space customers If you&#8217;re an individual looking for more information about our offers or for personalised advice, we&#8217;d be delighted to hear from you. Simply fill in the fields below, and we&#8217;ll be happy to get back to you as soon as possible. &lt; Back Welcome to the Private space customers Are you a [&hellip;]\" \/>\n<meta property=\"og:url\" content=\"https:\/\/www.takecare-beauty.com\/en\/private-space-customers\" \/>\n<meta property=\"og:site_name\" content=\"TakeCare\" \/>\n<meta property=\"article:modified_time\" content=\"2024-11-13T10:10:21+00:00\" \/>\n<meta property=\"og:image\" content=\"https:\/\/www.takecare-beauty.com\/wp-content\/uploads\/2024\/09\/TAKE-CARE-LOGO-couleurs-17-2.png\" \/>\n<meta name=\"twitter:card\" content=\"summary_large_image\" \/>\n<meta name=\"twitter:label1\" content=\"Est. reading time\" \/>\n\t<meta name=\"twitter:data1\" content=\"1 minute\" \/>\n<script type=\"application\/ld+json\" class=\"yoast-schema-graph\">{\"@context\":\"https:\/\/schema.org\",\"@graph\":[{\"@type\":\"WebPage\",\"@id\":\"https:\/\/www.takecare-beauty.com\/en\/private-space-customers\",\"url\":\"https:\/\/www.takecare-beauty.com\/en\/private-space-customers\",\"name\":\"Private space customers - TakeCare\",\"isPartOf\":{\"@id\":\"https:\/\/www.takecare-beauty.com\/#website\"},\"primaryImageOfPage\":{\"@id\":\"https:\/\/www.takecare-beauty.com\/en\/private-space-customers#primaryimage\"},\"image\":{\"@id\":\"https:\/\/www.takecare-beauty.com\/en\/private-space-customers#primaryimage\"},\"thumbnailUrl\":\"https:\/\/www.takecare-beauty.com\/wp-content\/uploads\/2024\/09\/TAKE-CARE-LOGO-couleurs-17-2.png\",\"datePublished\":\"2024-10-09T08:29:32+00:00\",\"dateModified\":\"2024-11-13T10:10:21+00:00\",\"breadcrumb\":{\"@id\":\"https:\/\/www.takecare-beauty.com\/en\/private-space-customers#breadcrumb\"},\"inLanguage\":\"en-US\",\"potentialAction\":[{\"@type\":\"ReadAction\",\"target\":[\"https:\/\/www.takecare-beauty.com\/en\/private-space-customers\"]}]},{\"@type\":\"ImageObject\",\"inLanguage\":\"en-US\",\"@id\":\"https:\/\/www.takecare-beauty.com\/en\/private-space-customers#primaryimage\",\"url\":\"https:\/\/www.takecare-beauty.com\/wp-content\/uploads\/2024\/09\/TAKE-CARE-LOGO-couleurs-17-2.png\",\"contentUrl\":\"https:\/\/www.takecare-beauty.com\/wp-content\/uploads\/2024\/09\/TAKE-CARE-LOGO-couleurs-17-2.png\"},{\"@type\":\"BreadcrumbList\",\"@id\":\"https:\/\/www.takecare-beauty.com\/en\/private-space-customers#breadcrumb\",\"itemListElement\":[{\"@type\":\"ListItem\",\"position\":1,\"name\":\"Accueil\",\"item\":\"https:\/\/www.takecare-beauty.com\/en\/take-care-hygiene-health-and-beauty-products-for-children\"},{\"@type\":\"ListItem\",\"position\":2,\"name\":\"Private space customers\"}]},{\"@type\":\"WebSite\",\"@id\":\"https:\/\/www.takecare-beauty.com\/#website\",\"url\":\"https:\/\/www.takecare-beauty.com\/\",\"name\":\"TakeCare\",\"description\":\"Plongez dans une exp\u00e9rience olfactive gr\u00e2ce \u00e0 nos produits d&#039;hygi\u00e8ne, de sant\u00e9 et de beaut\u00e9 o\u00f9 les senteurs s&#039;entrem\u00ealent en harmonie.\",\"publisher\":{\"@id\":\"https:\/\/www.takecare-beauty.com\/#organization\"},\"potentialAction\":[{\"@type\":\"SearchAction\",\"target\":{\"@type\":\"EntryPoint\",\"urlTemplate\":\"https:\/\/www.takecare-beauty.com\/?s={search_term_string}\"},\"query-input\":{\"@type\":\"PropertyValueSpecification\",\"valueRequired\":true,\"valueName\":\"search_term_string\"}}],\"inLanguage\":\"en-US\"},{\"@type\":\"Organization\",\"@id\":\"https:\/\/www.takecare-beauty.com\/#organization\",\"name\":\"TakeCare\",\"url\":\"https:\/\/www.takecare-beauty.com\/\",\"logo\":{\"@type\":\"ImageObject\",\"inLanguage\":\"en-US\",\"@id\":\"https:\/\/www.takecare-beauty.com\/#\/schema\/logo\/image\/\",\"url\":\"https:\/\/www.takecare-beauty.com\/wp-content\/uploads\/2024\/09\/TAKE-CARE-LOGO-couleurs-17-2.png\",\"contentUrl\":\"https:\/\/www.takecare-beauty.com\/wp-content\/uploads\/2024\/09\/TAKE-CARE-LOGO-couleurs-17-2.png\",\"width\":680,\"height\":232,\"caption\":\"TakeCare\"},\"image\":{\"@id\":\"https:\/\/www.takecare-beauty.com\/#\/schema\/logo\/image\/\"}}]}<\/script>\n<!-- \/ Yoast SEO plugin. -->","yoast_head_json":{"title":"Private space customers - TakeCare","robots":{"index":"index","follow":"follow","max-snippet":"max-snippet:-1","max-image-preview":"max-image-preview:large","max-video-preview":"max-video-preview:-1"},"canonical":"https:\/\/www.takecare-beauty.com\/en\/private-space-customers","og_locale":"en_US","og_type":"article","og_title":"Private space customers - TakeCare","og_description":"Private space customers If you&#8217;re an individual looking for more information about our offers or for personalised advice, we&#8217;d be delighted to hear from you. Simply fill in the fields below, and we&#8217;ll be happy to get back to you as soon as possible. &lt; Back Welcome to the Private space customers Are you a [&hellip;]","og_url":"https:\/\/www.takecare-beauty.com\/en\/private-space-customers","og_site_name":"TakeCare","article_modified_time":"2024-11-13T10:10:21+00:00","og_image":[{"url":"https:\/\/www.takecare-beauty.com\/wp-content\/uploads\/2024\/09\/TAKE-CARE-LOGO-couleurs-17-2.png","type":"","width":"","height":""}],"twitter_card":"summary_large_image","twitter_misc":{"Est. reading time":"1 minute"},"schema":{"@context":"https:\/\/schema.org","@graph":[{"@type":"WebPage","@id":"https:\/\/www.takecare-beauty.com\/en\/private-space-customers","url":"https:\/\/www.takecare-beauty.com\/en\/private-space-customers","name":"Private space customers - TakeCare","isPartOf":{"@id":"https:\/\/www.takecare-beauty.com\/#website"},"primaryImageOfPage":{"@id":"https:\/\/www.takecare-beauty.com\/en\/private-space-customers#primaryimage"},"image":{"@id":"https:\/\/www.takecare-beauty.com\/en\/private-space-customers#primaryimage"},"thumbnailUrl":"https:\/\/www.takecare-beauty.com\/wp-content\/uploads\/2024\/09\/TAKE-CARE-LOGO-couleurs-17-2.png","datePublished":"2024-10-09T08:29:32+00:00","dateModified":"2024-11-13T10:10:21+00:00","breadcrumb":{"@id":"https:\/\/www.takecare-beauty.com\/en\/private-space-customers#breadcrumb"},"inLanguage":"en-US","potentialAction":[{"@type":"ReadAction","target":["https:\/\/www.takecare-beauty.com\/en\/private-space-customers"]}]},{"@type":"ImageObject","inLanguage":"en-US","@id":"https:\/\/www.takecare-beauty.com\/en\/private-space-customers#primaryimage","url":"https:\/\/www.takecare-beauty.com\/wp-content\/uploads\/2024\/09\/TAKE-CARE-LOGO-couleurs-17-2.png","contentUrl":"https:\/\/www.takecare-beauty.com\/wp-content\/uploads\/2024\/09\/TAKE-CARE-LOGO-couleurs-17-2.png"},{"@type":"BreadcrumbList","@id":"https:\/\/www.takecare-beauty.com\/en\/private-space-customers#breadcrumb","itemListElement":[{"@type":"ListItem","position":1,"name":"Accueil","item":"https:\/\/www.takecare-beauty.com\/en\/take-care-hygiene-health-and-beauty-products-for-children"},{"@type":"ListItem","position":2,"name":"Private space customers"}]},{"@type":"WebSite","@id":"https:\/\/www.takecare-beauty.com\/#website","url":"https:\/\/www.takecare-beauty.com\/","name":"TakeCare","description":"Plongez dans une exp\u00e9rience olfactive gr\u00e2ce \u00e0 nos produits d&#039;hygi\u00e8ne, de sant\u00e9 et de beaut\u00e9 o\u00f9 les senteurs s&#039;entrem\u00ealent en harmonie.","publisher":{"@id":"https:\/\/www.takecare-beauty.com\/#organization"},"potentialAction":[{"@type":"SearchAction","target":{"@type":"EntryPoint","urlTemplate":"https:\/\/www.takecare-beauty.com\/?s={search_term_string}"},"query-input":{"@type":"PropertyValueSpecification","valueRequired":true,"valueName":"search_term_string"}}],"inLanguage":"en-US"},{"@type":"Organization","@id":"https:\/\/www.takecare-beauty.com\/#organization","name":"TakeCare","url":"https:\/\/www.takecare-beauty.com\/","logo":{"@type":"ImageObject","inLanguage":"en-US","@id":"https:\/\/www.takecare-beauty.com\/#\/schema\/logo\/image\/","url":"https:\/\/www.takecare-beauty.com\/wp-content\/uploads\/2024\/09\/TAKE-CARE-LOGO-couleurs-17-2.png","contentUrl":"https:\/\/www.takecare-beauty.com\/wp-content\/uploads\/2024\/09\/TAKE-CARE-LOGO-couleurs-17-2.png","width":680,"height":232,"caption":"TakeCare"},"image":{"@id":"https:\/\/www.takecare-beauty.com\/#\/schema\/logo\/image\/"}}]}},"_links":{"self":[{"href":"https:\/\/www.takecare-beauty.com\/en\/wp-json\/wp\/v2\/pages\/4272","targetHints":{"allow":["GET"]}}],"collection":[{"href":"https:\/\/www.takecare-beauty.com\/en\/wp-json\/wp\/v2\/pages"}],"about":[{"href":"https:\/\/www.takecare-beauty.com\/en\/wp-json\/wp\/v2\/types\/page"}],"author":[{"embeddable":true,"href":"https:\/\/www.takecare-beauty.com\/en\/wp-json\/wp\/v2\/users\/1"}],"replies":[{"embeddable":true,"href":"https:\/\/www.takecare-beauty.com\/en\/wp-json\/wp\/v2\/comments?post=4272"}],"version-history":[{"count":0,"href":"https:\/\/www.takecare-beauty.com\/en\/wp-json\/wp\/v2\/pages\/4272\/revisions"}],"wp:attachment":[{"href":"https:\/\/www.takecare-beauty.com\/en\/wp-json\/wp\/v2\/media?parent=4272"}],"curies":[{"name":"wp","href":"https:\/\/api.w.org\/{rel}","templated":true}]}}