{"id":4274,"date":"2024-10-09T08:17:37","date_gmt":"2024-10-09T08:17:37","guid":{"rendered":"https:\/\/www.takecare-beauty.com\/professional-space"},"modified":"2024-11-13T10:10:01","modified_gmt":"2024-11-13T10:10:01","slug":"professional-space","status":"publish","type":"page","link":"https:\/\/www.takecare-beauty.com\/en\/professional-space","title":{"rendered":"Professional space"},"content":{"rendered":"\t\t<div data-elementor-type=\"wp-page\" data-elementor-id=\"4274\" class=\"elementor elementor-4274\">\n\t\t\t\t<div class=\"elementor-element elementor-element-a2bf8a5 e-con-full e-flex e-con e-parent\" data-id=\"a2bf8a5\" data-element_type=\"container\" data-e-type=\"container\" data-settings=\"{&quot;background_background&quot;:&quot;classic&quot;}\">\n\t\t<div class=\"elementor-element elementor-element-f5203b0 e-con-full fond-degrade e-flex e-con e-child\" data-id=\"f5203b0\" data-element_type=\"container\" data-e-type=\"container\">\n\t\t\t\t<div class=\"elementor-element elementor-element-5aa6901 h1-blanc elementor-widget elementor-widget-heading\" data-id=\"5aa6901\" data-element_type=\"widget\" data-e-type=\"widget\" data-widget_type=\"heading.default\">\n\t\t\t\t<div class=\"elementor-widget-container\">\n\t\t\t\t\t<h1 class=\"elementor-heading-title elementor-size-default\">Professional space<\/h1>\t\t\t\t<\/div>\n\t\t\t\t<\/div>\n\t\t\t\t<div class=\"elementor-element elementor-element-ba7f702 elementor-widget elementor-widget-text-editor\" data-id=\"ba7f702\" data-element_type=\"widget\" data-e-type=\"widget\" data-widget_type=\"text-editor.default\">\n\t\t\t\t<div class=\"elementor-widget-container\">\n\t\t\t\t\t\t\t\t\t<p>Welcome to the Professional space! Pharmacy, shop or online site? We&#8217;re here to help you create great opportunities together. Let&#8217;s talk business!   <\/p>\n\t\t\t\t\t\t\t\t<\/div>\n\t\t\t\t<\/div>\n\t\t\t\t<\/div>\n\t\t<div class=\"elementor-element elementor-element-62723ea e-con-full e-flex e-con e-child\" data-id=\"62723ea\" data-element_type=\"container\" data-e-type=\"container\" data-settings=\"{&quot;background_background&quot;:&quot;classic&quot;}\">\n\t\t<div class=\"elementor-element elementor-element-f01cad4 e-con-full e-flex e-con e-child\" data-id=\"f01cad4\" data-element_type=\"container\" data-e-type=\"container\">\n\t\t\t\t<div class=\"elementor-element elementor-element-9e1b8ac lien_1 elementor-widget elementor-widget-text-editor\" data-id=\"9e1b8ac\" data-element_type=\"widget\" data-e-type=\"widget\" data-widget_type=\"text-editor.default\">\n\t\t\t\t<div class=\"elementor-widget-container\">\n\t\t\t\t\t\t\t\t\t<p>&lt; <a href=\"https:\/\/www.takecare-beauty.com\/en\">Back<\/a><\/p>\n\t\t\t\t\t\t\t\t<\/div>\n\t\t\t\t<\/div>\n\t\t\t\t<div class=\"elementor-element elementor-element-fa520b3 elementor-widget elementor-widget-site-logo\" data-id=\"fa520b3\" data-element_type=\"widget\" data-e-type=\"widget\" data-settings=\"{&quot;width&quot;:{&quot;unit&quot;:&quot;px&quot;,&quot;size&quot;:180,&quot;sizes&quot;:[]},&quot;width_tablet&quot;:{&quot;unit&quot;:&quot;px&quot;,&quot;size&quot;:&quot;&quot;,&quot;sizes&quot;:[]},&quot;width_mobile&quot;:{&quot;unit&quot;:&quot;px&quot;,&quot;size&quot;:100,&quot;sizes&quot;:[]},&quot;align&quot;:&quot;center&quot;,&quot;space&quot;:{&quot;unit&quot;:&quot;%&quot;,&quot;size&quot;:&quot;&quot;,&quot;sizes&quot;:[]},&quot;space_tablet&quot;:{&quot;unit&quot;:&quot;%&quot;,&quot;size&quot;:&quot;&quot;,&quot;sizes&quot;:[]},&quot;space_mobile&quot;:{&quot;unit&quot;:&quot;%&quot;,&quot;size&quot;:&quot;&quot;,&quot;sizes&quot;:[]},&quot;image_border_radius&quot;:{&quot;unit&quot;:&quot;px&quot;,&quot;top&quot;:&quot;&quot;,&quot;right&quot;:&quot;&quot;,&quot;bottom&quot;:&quot;&quot;,&quot;left&quot;:&quot;&quot;,&quot;isLinked&quot;:true},&quot;image_border_radius_tablet&quot;:{&quot;unit&quot;:&quot;px&quot;,&quot;top&quot;:&quot;&quot;,&quot;right&quot;:&quot;&quot;,&quot;bottom&quot;:&quot;&quot;,&quot;left&quot;:&quot;&quot;,&quot;isLinked&quot;:true},&quot;image_border_radius_mobile&quot;:{&quot;unit&quot;:&quot;px&quot;,&quot;top&quot;:&quot;&quot;,&quot;right&quot;:&quot;&quot;,&quot;bottom&quot;:&quot;&quot;,&quot;left&quot;:&quot;&quot;,&quot;isLinked&quot;:true},&quot;caption_padding&quot;:{&quot;unit&quot;:&quot;px&quot;,&quot;top&quot;:&quot;&quot;,&quot;right&quot;:&quot;&quot;,&quot;bottom&quot;:&quot;&quot;,&quot;left&quot;:&quot;&quot;,&quot;isLinked&quot;:true},&quot;caption_padding_tablet&quot;:{&quot;unit&quot;:&quot;px&quot;,&quot;top&quot;:&quot;&quot;,&quot;right&quot;:&quot;&quot;,&quot;bottom&quot;:&quot;&quot;,&quot;left&quot;:&quot;&quot;,&quot;isLinked&quot;:true},&quot;caption_padding_mobile&quot;:{&quot;unit&quot;:&quot;px&quot;,&quot;top&quot;:&quot;&quot;,&quot;right&quot;:&quot;&quot;,&quot;bottom&quot;:&quot;&quot;,&quot;left&quot;:&quot;&quot;,&quot;isLinked&quot;:true},&quot;caption_space&quot;:{&quot;unit&quot;:&quot;px&quot;,&quot;size&quot;:0,&quot;sizes&quot;:[]},&quot;caption_space_tablet&quot;:{&quot;unit&quot;:&quot;px&quot;,&quot;size&quot;:&quot;&quot;,&quot;sizes&quot;:[]},&quot;caption_space_mobile&quot;:{&quot;unit&quot;:&quot;px&quot;,&quot;size&quot;:&quot;&quot;,&quot;sizes&quot;:[]}}\" data-widget_type=\"site-logo.default\">\n\t\t\t\t<div class=\"elementor-widget-container\">\n\t\t\t\t\t\t\t<div class=\"hfe-site-logo\">\n\t\t\t\t\t\t\t\t\t<div class=\"hfe-site-logo-set\">           \n\t\t\t\t<div class=\"hfe-site-logo-container\">\n\t\t\t\t\t\t\t\t\t<img decoding=\"async\" class=\"hfe-site-logo-img elementor-animation- lazyload\"  data-src=\"https:\/\/www.takecare-beauty.com\/wp-content\/uploads\/2024\/09\/TAKE-CARE-LOGO-couleurs-17-2.png\" alt=\"default-logo\" src=\"data:image\/svg+xml;base64,PHN2ZyB3aWR0aD0iMSIgaGVpZ2h0PSIxIiB4bWxucz0iaHR0cDovL3d3dy53My5vcmcvMjAwMC9zdmciPjwvc3ZnPg==\" style=\"--smush-placeholder-width: 680px; --smush-placeholder-aspect-ratio: 680\/232;\" \/>\n\t\t\t\t<\/div>\n\t\t\t<\/div>\n\t\t\t\t\t\t<\/div>  \n\t\t\t\t\t\t\t<\/div>\n\t\t\t\t<\/div>\n\t\t\t\t<\/div>\n\t\t<div class=\"elementor-element elementor-element-fdd0f82 e-con-full e-flex e-con e-child\" data-id=\"fdd0f82\" data-element_type=\"container\" data-e-type=\"container\">\n\t\t\t\t<div class=\"elementor-element elementor-element-6d8d5de elementor-widget elementor-widget-heading\" data-id=\"6d8d5de\" data-element_type=\"widget\" data-e-type=\"widget\" data-widget_type=\"heading.default\">\n\t\t\t\t<div class=\"elementor-widget-container\">\n\t\t\t\t\t<h3 class=\"elementor-heading-title elementor-size-default\">Welcome in Professional space<\/h3>\t\t\t\t<\/div>\n\t\t\t\t<\/div>\n\t\t\t\t<div class=\"elementor-element elementor-element-7fed8b3 elementor-widget elementor-widget-text-editor\" data-id=\"7fed8b3\" data-element_type=\"widget\" data-e-type=\"widget\" data-widget_type=\"text-editor.default\">\n\t\t\t\t<div class=\"elementor-widget-container\">\n\t\t\t\t\t\t\t\t\t<p>Whether you&#8217;re a pharmacy, specialist shop, website or other, we&#8217;d love to talk to you about exploring new opportunities together. To do so, please fill in the fields below so that we can get in touch with you quickly. <\/p>\n\t\t\t\t\t\t\t\t<\/div>\n\t\t\t\t<\/div>\n\t\t\t\t<div class=\"elementor-element elementor-element-6b41851 formulaire-css elementor-widget elementor-widget-shortcode\" data-id=\"6b41851\" data-element_type=\"widget\" data-e-type=\"widget\" data-widget_type=\"shortcode.default\">\n\t\t\t\t<div class=\"elementor-widget-container\">\n\t\t\t\t\t\t\t<div class=\"elementor-shortcode\">\n<div class=\"wpcf7 no-js\" id=\"wpcf7-f4978-o1\" lang=\"fr-FR\" dir=\"ltr\" data-wpcf7-id=\"4978\">\n<div class=\"screen-reader-response\"><p role=\"status\" aria-live=\"polite\" aria-atomic=\"true\"><\/p> <ul><\/ul><\/div>\n<form action=\"\/en\/wp-json\/wp\/v2\/pages\/4274#wpcf7-f4978-o1\" method=\"post\" class=\"wpcf7-form init\" aria-label=\"Formulaire de contact\" novalidate=\"novalidate\" data-status=\"init\">\n<fieldset class=\"hidden-fields-container\"><input type=\"hidden\" name=\"_wpcf7\" value=\"4978\" \/><input type=\"hidden\" name=\"_wpcf7_version\" value=\"6.1.5\" \/><input type=\"hidden\" name=\"_wpcf7_locale\" value=\"fr_FR\" \/><input type=\"hidden\" name=\"_wpcf7_unit_tag\" value=\"wpcf7-f4978-o1\" \/><input type=\"hidden\" name=\"_wpcf7_container_post\" value=\"0\" \/><input type=\"hidden\" name=\"_wpcf7_posted_data_hash\" value=\"\" \/>\n<\/fieldset>\n<p class=\"demi-label\"><label><br \/>\n<span class=\"wpcf7-form-control-wrap\" data-name=\"nom\"><input size=\"40\" maxlength=\"400\" class=\"wpcf7-form-control wpcf7-text wpcf7-validates-as-required\" autocomplete=\"family-name\" aria-required=\"true\" aria-invalid=\"false\" placeholder=\"Name*\" value=\"\" type=\"text\" name=\"nom\" \/><\/span> <\/label>\n<\/p>\n<p class=\"demi-label\"><label><br \/>\n<span class=\"wpcf7-form-control-wrap\" data-name=\"prenom\"><input size=\"40\" maxlength=\"400\" class=\"wpcf7-form-control wpcf7-text wpcf7-validates-as-required\" autocomplete=\"given-name\" aria-required=\"true\" aria-invalid=\"false\" placeholder=\"First name*\" value=\"\" type=\"text\" name=\"prenom\" \/><\/span> <\/label>\n<\/p>\n<p class=\"full-label\"><label><br \/>\n<span class=\"wpcf7-form-control-wrap\" data-name=\"societe\"><input size=\"40\" maxlength=\"400\" class=\"wpcf7-form-control wpcf7-text wpcf7-validates-as-required\" aria-required=\"true\" aria-invalid=\"false\" placeholder=\"Company*\" value=\"\" type=\"text\" name=\"societe\" \/><\/span> <\/label>\n<\/p>\n<p class=\"demi-label\"><label><br \/>\n<span class=\"wpcf7-form-control-wrap\" data-name=\"email\"><input size=\"40\" maxlength=\"400\" class=\"wpcf7-form-control wpcf7-email wpcf7-validates-as-required wpcf7-text wpcf7-validates-as-email\" autocomplete=\"email\" aria-required=\"true\" aria-invalid=\"false\" placeholder=\"Email*\" value=\"\" type=\"email\" name=\"email\" \/><\/span> <\/label>\n<\/p>\n<p class=\"demi-label\"><label><br \/>\n<span class=\"wpcf7-form-control-wrap\" data-name=\"telephone\"><input size=\"40\" maxlength=\"400\" class=\"wpcf7-form-control wpcf7-tel wpcf7-text wpcf7-validates-as-tel\" aria-invalid=\"false\" placeholder=\"Phone\" value=\"\" type=\"tel\" name=\"telephone\" \/><\/span> <\/label>\n<\/p>\n<p class=\"full-label\"><label><br \/>\n<span class=\"wpcf7-form-control-wrap\" data-name=\"message\"><textarea cols=\"40\" rows=\"10\" maxlength=\"2000\" class=\"wpcf7-form-control wpcf7-textarea\" aria-invalid=\"false\" placeholder=\"Message\" name=\"message\"><\/textarea><\/span> <\/label>\n<\/p>\n<p><input class=\"wpcf7-form-control wpcf7-submit has-spinner\" type=\"submit\" value=\"Send your request\" \/>\n<\/p><div class=\"wpcf7-response-output\" aria-hidden=\"true\"><\/div>\n<\/form>\n<\/div>\n<\/div>\n\t\t\t\t\t\t<\/div>\n\t\t\t\t<\/div>\n\t\t\t\t<\/div>\n\t\t\t\t<\/div>\n\t\t\t\t<\/div>\n\t\t\t\t<\/div>\n\t\t","protected":false},"excerpt":{"rendered":"<p>Professional space Welcome to the Professional space! Pharmacy, shop or online site? We&#8217;re here to help you create great opportunities together. Let&#8217;s talk business! &lt; Back Welcome in Professional space Whether you&#8217;re a pharmacy, specialist shop, website or other, we&#8217;d love to talk to you about exploring new opportunities together. To do so, please fill [&hellip;]<\/p>\n","protected":false},"author":1,"featured_media":0,"parent":0,"menu_order":0,"comment_status":"closed","ping_status":"closed","template":"","meta":{"footnotes":""},"class_list":["post-4274","page","type-page","status-publish","hentry"],"yoast_head":"<!-- This site is optimized with the Yoast SEO plugin v27.5 - https:\/\/yoast.com\/product\/yoast-seo-wordpress\/ -->\n<title>Professional space - TakeCare<\/title>\n<meta name=\"robots\" content=\"index, follow, max-snippet:-1, max-image-preview:large, max-video-preview:-1\" \/>\n<link rel=\"canonical\" href=\"https:\/\/www.takecare-beauty.com\/en\/professional-space\" \/>\n<meta property=\"og:locale\" content=\"en_US\" \/>\n<meta property=\"og:type\" content=\"article\" \/>\n<meta property=\"og:title\" content=\"Professional space - TakeCare\" \/>\n<meta property=\"og:description\" content=\"Professional space Welcome to the Professional space! Pharmacy, shop or online site? We&#8217;re here to help you create great opportunities together. Let&#8217;s talk business! &lt; Back Welcome in Professional space Whether you&#8217;re a pharmacy, specialist shop, website or other, we&#8217;d love to talk to you about exploring new opportunities together. To do so, please fill [&hellip;]\" \/>\n<meta property=\"og:url\" content=\"https:\/\/www.takecare-beauty.com\/en\/professional-space\" \/>\n<meta property=\"og:site_name\" content=\"TakeCare\" \/>\n<meta property=\"article:modified_time\" content=\"2024-11-13T10:10:01+00:00\" \/>\n<meta property=\"og:image\" content=\"https:\/\/www.takecare-beauty.com\/wp-content\/uploads\/2024\/09\/TAKE-CARE-LOGO-couleurs-17-2.png\" \/>\n<meta name=\"twitter:card\" content=\"summary_large_image\" \/>\n<meta name=\"twitter:label1\" content=\"Est. reading time\" \/>\n\t<meta name=\"twitter:data1\" content=\"1 minute\" \/>\n<script type=\"application\/ld+json\" class=\"yoast-schema-graph\">{\"@context\":\"https:\\\/\\\/schema.org\",\"@graph\":[{\"@type\":\"WebPage\",\"@id\":\"https:\\\/\\\/www.takecare-beauty.com\\\/en\\\/professional-space\",\"url\":\"https:\\\/\\\/www.takecare-beauty.com\\\/en\\\/professional-space\",\"name\":\"Professional space - TakeCare\",\"isPartOf\":{\"@id\":\"https:\\\/\\\/www.takecare-beauty.com\\\/#website\"},\"primaryImageOfPage\":{\"@id\":\"https:\\\/\\\/www.takecare-beauty.com\\\/en\\\/professional-space#primaryimage\"},\"image\":{\"@id\":\"https:\\\/\\\/www.takecare-beauty.com\\\/en\\\/professional-space#primaryimage\"},\"thumbnailUrl\":\"https:\\\/\\\/www.takecare-beauty.com\\\/wp-content\\\/uploads\\\/2024\\\/09\\\/TAKE-CARE-LOGO-couleurs-17-2.png\",\"datePublished\":\"2024-10-09T08:17:37+00:00\",\"dateModified\":\"2024-11-13T10:10:01+00:00\",\"breadcrumb\":{\"@id\":\"https:\\\/\\\/www.takecare-beauty.com\\\/en\\\/professional-space#breadcrumb\"},\"inLanguage\":\"en-US\",\"potentialAction\":[{\"@type\":\"ReadAction\",\"target\":[\"https:\\\/\\\/www.takecare-beauty.com\\\/en\\\/professional-space\"]}]},{\"@type\":\"ImageObject\",\"inLanguage\":\"en-US\",\"@id\":\"https:\\\/\\\/www.takecare-beauty.com\\\/en\\\/professional-space#primaryimage\",\"url\":\"https:\\\/\\\/www.takecare-beauty.com\\\/wp-content\\\/uploads\\\/2024\\\/09\\\/TAKE-CARE-LOGO-couleurs-17-2.png\",\"contentUrl\":\"https:\\\/\\\/www.takecare-beauty.com\\\/wp-content\\\/uploads\\\/2024\\\/09\\\/TAKE-CARE-LOGO-couleurs-17-2.png\"},{\"@type\":\"BreadcrumbList\",\"@id\":\"https:\\\/\\\/www.takecare-beauty.com\\\/en\\\/professional-space#breadcrumb\",\"itemListElement\":[{\"@type\":\"ListItem\",\"position\":1,\"name\":\"Accueil\",\"item\":\"https:\\\/\\\/www.takecare-beauty.com\\\/en\\\/take-care-hygiene-health-and-beauty-products-for-children\"},{\"@type\":\"ListItem\",\"position\":2,\"name\":\"Professional space\"}]},{\"@type\":\"WebSite\",\"@id\":\"https:\\\/\\\/www.takecare-beauty.com\\\/#website\",\"url\":\"https:\\\/\\\/www.takecare-beauty.com\\\/\",\"name\":\"TakeCare\",\"description\":\"Plongez dans une exp\u00e9rience olfactive gr\u00e2ce \u00e0 nos produits d&#039;hygi\u00e8ne, de sant\u00e9 et de beaut\u00e9 o\u00f9 les senteurs s&#039;entrem\u00ealent en harmonie.\",\"publisher\":{\"@id\":\"https:\\\/\\\/www.takecare-beauty.com\\\/#organization\"},\"potentialAction\":[{\"@type\":\"SearchAction\",\"target\":{\"@type\":\"EntryPoint\",\"urlTemplate\":\"https:\\\/\\\/www.takecare-beauty.com\\\/?s={search_term_string}\"},\"query-input\":{\"@type\":\"PropertyValueSpecification\",\"valueRequired\":true,\"valueName\":\"search_term_string\"}}],\"inLanguage\":\"en-US\"},{\"@type\":\"Organization\",\"@id\":\"https:\\\/\\\/www.takecare-beauty.com\\\/#organization\",\"name\":\"TakeCare\",\"url\":\"https:\\\/\\\/www.takecare-beauty.com\\\/\",\"logo\":{\"@type\":\"ImageObject\",\"inLanguage\":\"en-US\",\"@id\":\"https:\\\/\\\/www.takecare-beauty.com\\\/#\\\/schema\\\/logo\\\/image\\\/\",\"url\":\"https:\\\/\\\/www.takecare-beauty.com\\\/wp-content\\\/uploads\\\/2024\\\/09\\\/TAKE-CARE-LOGO-couleurs-17-2.png\",\"contentUrl\":\"https:\\\/\\\/www.takecare-beauty.com\\\/wp-content\\\/uploads\\\/2024\\\/09\\\/TAKE-CARE-LOGO-couleurs-17-2.png\",\"width\":680,\"height\":232,\"caption\":\"TakeCare\"},\"image\":{\"@id\":\"https:\\\/\\\/www.takecare-beauty.com\\\/#\\\/schema\\\/logo\\\/image\\\/\"}}]}<\/script>\n<!-- \/ Yoast SEO plugin. -->","yoast_head_json":{"title":"Professional space - TakeCare","robots":{"index":"index","follow":"follow","max-snippet":"max-snippet:-1","max-image-preview":"max-image-preview:large","max-video-preview":"max-video-preview:-1"},"canonical":"https:\/\/www.takecare-beauty.com\/en\/professional-space","og_locale":"en_US","og_type":"article","og_title":"Professional space - TakeCare","og_description":"Professional space Welcome to the Professional space! Pharmacy, shop or online site? We&#8217;re here to help you create great opportunities together. Let&#8217;s talk business! &lt; Back Welcome in Professional space Whether you&#8217;re a pharmacy, specialist shop, website or other, we&#8217;d love to talk to you about exploring new opportunities together. To do so, please fill [&hellip;]","og_url":"https:\/\/www.takecare-beauty.com\/en\/professional-space","og_site_name":"TakeCare","article_modified_time":"2024-11-13T10:10:01+00:00","og_image":[{"url":"https:\/\/www.takecare-beauty.com\/wp-content\/uploads\/2024\/09\/TAKE-CARE-LOGO-couleurs-17-2.png","type":"","width":"","height":""}],"twitter_card":"summary_large_image","twitter_misc":{"Est. reading time":"1 minute"},"schema":{"@context":"https:\/\/schema.org","@graph":[{"@type":"WebPage","@id":"https:\/\/www.takecare-beauty.com\/en\/professional-space","url":"https:\/\/www.takecare-beauty.com\/en\/professional-space","name":"Professional space - TakeCare","isPartOf":{"@id":"https:\/\/www.takecare-beauty.com\/#website"},"primaryImageOfPage":{"@id":"https:\/\/www.takecare-beauty.com\/en\/professional-space#primaryimage"},"image":{"@id":"https:\/\/www.takecare-beauty.com\/en\/professional-space#primaryimage"},"thumbnailUrl":"https:\/\/www.takecare-beauty.com\/wp-content\/uploads\/2024\/09\/TAKE-CARE-LOGO-couleurs-17-2.png","datePublished":"2024-10-09T08:17:37+00:00","dateModified":"2024-11-13T10:10:01+00:00","breadcrumb":{"@id":"https:\/\/www.takecare-beauty.com\/en\/professional-space#breadcrumb"},"inLanguage":"en-US","potentialAction":[{"@type":"ReadAction","target":["https:\/\/www.takecare-beauty.com\/en\/professional-space"]}]},{"@type":"ImageObject","inLanguage":"en-US","@id":"https:\/\/www.takecare-beauty.com\/en\/professional-space#primaryimage","url":"https:\/\/www.takecare-beauty.com\/wp-content\/uploads\/2024\/09\/TAKE-CARE-LOGO-couleurs-17-2.png","contentUrl":"https:\/\/www.takecare-beauty.com\/wp-content\/uploads\/2024\/09\/TAKE-CARE-LOGO-couleurs-17-2.png"},{"@type":"BreadcrumbList","@id":"https:\/\/www.takecare-beauty.com\/en\/professional-space#breadcrumb","itemListElement":[{"@type":"ListItem","position":1,"name":"Accueil","item":"https:\/\/www.takecare-beauty.com\/en\/take-care-hygiene-health-and-beauty-products-for-children"},{"@type":"ListItem","position":2,"name":"Professional space"}]},{"@type":"WebSite","@id":"https:\/\/www.takecare-beauty.com\/#website","url":"https:\/\/www.takecare-beauty.com\/","name":"TakeCare","description":"Plongez dans une exp\u00e9rience olfactive gr\u00e2ce \u00e0 nos produits d&#039;hygi\u00e8ne, de sant\u00e9 et de beaut\u00e9 o\u00f9 les senteurs s&#039;entrem\u00ealent en harmonie.","publisher":{"@id":"https:\/\/www.takecare-beauty.com\/#organization"},"potentialAction":[{"@type":"SearchAction","target":{"@type":"EntryPoint","urlTemplate":"https:\/\/www.takecare-beauty.com\/?s={search_term_string}"},"query-input":{"@type":"PropertyValueSpecification","valueRequired":true,"valueName":"search_term_string"}}],"inLanguage":"en-US"},{"@type":"Organization","@id":"https:\/\/www.takecare-beauty.com\/#organization","name":"TakeCare","url":"https:\/\/www.takecare-beauty.com\/","logo":{"@type":"ImageObject","inLanguage":"en-US","@id":"https:\/\/www.takecare-beauty.com\/#\/schema\/logo\/image\/","url":"https:\/\/www.takecare-beauty.com\/wp-content\/uploads\/2024\/09\/TAKE-CARE-LOGO-couleurs-17-2.png","contentUrl":"https:\/\/www.takecare-beauty.com\/wp-content\/uploads\/2024\/09\/TAKE-CARE-LOGO-couleurs-17-2.png","width":680,"height":232,"caption":"TakeCare"},"image":{"@id":"https:\/\/www.takecare-beauty.com\/#\/schema\/logo\/image\/"}}]}},"_links":{"self":[{"href":"https:\/\/www.takecare-beauty.com\/en\/wp-json\/wp\/v2\/pages\/4274","targetHints":{"allow":["GET"]}}],"collection":[{"href":"https:\/\/www.takecare-beauty.com\/en\/wp-json\/wp\/v2\/pages"}],"about":[{"href":"https:\/\/www.takecare-beauty.com\/en\/wp-json\/wp\/v2\/types\/page"}],"author":[{"embeddable":true,"href":"https:\/\/www.takecare-beauty.com\/en\/wp-json\/wp\/v2\/users\/1"}],"replies":[{"embeddable":true,"href":"https:\/\/www.takecare-beauty.com\/en\/wp-json\/wp\/v2\/comments?post=4274"}],"version-history":[{"count":0,"href":"https:\/\/www.takecare-beauty.com\/en\/wp-json\/wp\/v2\/pages\/4274\/revisions"}],"wp:attachment":[{"href":"https:\/\/www.takecare-beauty.com\/en\/wp-json\/wp\/v2\/media?parent=4274"}],"curies":[{"name":"wp","href":"https:\/\/api.w.org\/{rel}","templated":true}]}}