{"id":4410,"date":"2024-10-12T13:32:56","date_gmt":"2024-10-12T13:32:56","guid":{"rendered":"https:\/\/www.takecare-beauty.com\/blog"},"modified":"2024-11-05T09:57:14","modified_gmt":"2024-11-05T09:57:14","slug":"blog","status":"publish","type":"page","link":"https:\/\/www.takecare-beauty.com\/en\/blog","title":{"rendered":"Blog"},"content":{"rendered":"\t\t<div data-elementor-type=\"wp-page\" data-elementor-id=\"4410\" class=\"elementor elementor-4410\">\n\t\t\t\t<div class=\"elementor-element elementor-element-ee67820 e-flex e-con-boxed e-con e-parent\" data-id=\"ee67820\" data-element_type=\"container\" data-e-type=\"container\" data-settings=\"{&quot;background_background&quot;:&quot;classic&quot;}\">\n\t\t\t\t\t<div class=\"e-con-inner\">\n\t\t<div class=\"elementor-element elementor-element-c41c308 e-con-full e-flex e-con e-child\" data-id=\"c41c308\" data-element_type=\"container\" data-e-type=\"container\">\n\t\t\t\t<div class=\"elementor-element elementor-element-61d0ba9 bordure-blanc elementor-widget elementor-widget-heading\" data-id=\"61d0ba9\" data-element_type=\"widget\" data-e-type=\"widget\" data-widget_type=\"heading.default\">\n\t\t\t\t<div class=\"elementor-widget-container\">\n\t\t\t\t\t<h1 class=\"elementor-heading-title elementor-size-default\">Blog<\/h1>\t\t\t\t<\/div>\n\t\t\t\t<\/div>\n\t\t\t\t<div class=\"elementor-element elementor-element-0cfdca4 elementor-absolute elementor-view-default elementor-widget elementor-widget-icon\" data-id=\"0cfdca4\" data-element_type=\"widget\" data-e-type=\"widget\" data-settings=\"{&quot;_position&quot;:&quot;absolute&quot;}\" data-widget_type=\"icon.default\">\n\t\t\t\t<div class=\"elementor-widget-container\">\n\t\t\t\t\t\t\t<div class=\"elementor-icon-wrapper\">\n\t\t\t<a class=\"elementor-icon elementor-animation-float\" href=\"#produits\">\n\t\t\t<svg xmlns=\"http:\/\/www.w3.org\/2000\/svg\" width=\"46\" height=\"45\" viewBox=\"0 0 46 45\" fill=\"none\"><path d=\"M41.5 -1.74846e-07C43.7091 -7.8281e-08 45.5 1.79086 45.5 4L45.5 22.5C45.5 34.9264 35.4264 45 23 45C10.5736 45 0.499995 34.9264 0.499995 22.5L0.499996 4C0.499996 1.79086 2.29086 -1.88873e-06 4.5 -1.79217e-06L41.5 -1.74846e-07Z\" fill=\"white\"><\/path><path fill-rule=\"evenodd\" clip-rule=\"evenodd\" d=\"M22.9998 28.5C22.6351 28.5 22.2993 28.3015 22.1236 27.9819L16.6236 17.9819C16.3574 17.498 16.534 16.8899 17.0179 16.6238C17.5018 16.3576 18.1099 16.5342 18.376 17.0181L22.9998 25.425L27.6236 17.0181C27.8898 16.5342 28.4978 16.3576 28.9817 16.6238C29.4657 16.8899 29.6422 17.498 29.376 17.9819L23.876 27.9819C23.7003 28.3015 23.3645 28.5 22.9998 28.5Z\" fill=\"#515C93\"><\/path><\/svg>\t\t\t<\/a>\n\t\t<\/div>\n\t\t\t\t\t\t<\/div>\n\t\t\t\t<\/div>\n\t\t\t\t<\/div>\n\t\t\t\t\t<\/div>\n\t\t\t\t<\/div>\n\t\t<div class=\"elementor-element elementor-element-5f714a7 e-flex e-con-boxed e-con e-parent\" data-id=\"5f714a7\" data-element_type=\"container\" data-e-type=\"container\">\n\t\t\t\t\t<div class=\"e-con-inner\">\n\t\t\t\t<div class=\"elementor-element elementor-element-0bcf5c7 elementor-widget elementor-widget-menu-anchor\" data-id=\"0bcf5c7\" data-element_type=\"widget\" data-e-type=\"widget\" data-widget_type=\"menu-anchor.default\">\n\t\t\t\t<div class=\"elementor-widget-container\">\n\t\t\t\t\t\t\t<div class=\"elementor-menu-anchor\" id=\"produits\"><\/div>\n\t\t\t\t\t\t<\/div>\n\t\t\t\t<\/div>\n\t\t\t\t\t<\/div>\n\t\t\t\t<\/div>\n\t\t<div class=\"elementor-element elementor-element-bfdce99 image-radius blog-css e-flex e-con-boxed e-con e-parent\" data-id=\"bfdce99\" data-element_type=\"container\" data-e-type=\"container\">\n\t\t\t\t\t<div class=\"e-con-inner\">\n\t\t\t\t<div class=\"elementor-element elementor-element-c8ed21d elementor-widget elementor-widget-sina_blogpost\" data-id=\"c8ed21d\" data-element_type=\"widget\" data-e-type=\"widget\" data-widget_type=\"sina_blogpost.default\">\n\t\t\t\t<div class=\"elementor-widget-container\">\n\t\t\t\t\t\t\t\t<div class=\"sina-blogpost sina-bp-c8ed21d\"\r\n\t\t\tdata-uid=\"c8ed21d\"\r\n\t\t\tdata-offset=\"20\"\r\n\t\t\tdata-posts-data='{\"post_type\":\"post\",\"posts_num\":20,\"offset\":20,\"total_posts\":2,\"layout\":\"grid\",\"columns\":\"3\",\"layout_type\":\"default\",\"custom_columns\":null,\"categories\":[],\"tags\":\"\",\"order_by\":\"date\",\"sort\":\"DESC\",\"posts_text\":\"yes\",\"excerpt\":\"\",\"content_length\":28,\"posts_meta\":\"\",\"thumb_right\":null,\"is_thumb\":\"yes\",\"read_more_effect\":\"\",\"read_more_text\":\"\",\"read_more_icon\":\"\",\"read_more_icon_align\":null,\"effects\":\"\",\"cats_position\":null,\"cats_icon\":null,\"posts_avatar\":null,\"avatar_size\":null,\"read_btn_bg_layer_effects\":null,\"bg_layer_effects\":\"\"}'>\r\n\t\t\t\t<div class=\"sina-bp-grid\">\r\n\t\t\t\t\t<div class=\"sina-bp-grid-sizer\"><\/div>\r\n\t\t\t\t\t\t\t\t\t\t\t\t<div class=\"sina-bp-col sina-bp-item-3 \">\r\n\t\t<div class=\"sina-bp \">\r\n\t\t\t\t\t\t\t<div class=\"sina-bg-thumb\">\r\n\t\t\t\t\t<img decoding=\"async\" data-src=\"https:\/\/www.takecare-beauty.com\/wp-content\/uploads\/2024\/10\/Image1-kawai.jpg\" alt=\"What is Kawai? Everything you need to know about this trend from Japan!\" src=\"data:image\/svg+xml;base64,PHN2ZyB3aWR0aD0iMSIgaGVpZ2h0PSIxIiB4bWxucz0iaHR0cDovL3d3dy53My5vcmcvMjAwMC9zdmciPjwvc3ZnPg==\" class=\"lazyload\" style=\"--smush-placeholder-width: 312px; --smush-placeholder-aspect-ratio: 312\/389;\">\r\n\t\t\t\t\t<div class=\"sina-overlay\">\r\n\t\t\t\t\t\t<a href=\"https:\/\/www.takecare-beauty.com\/en\/what-is-kawai-everything-you-need-to-know-about-this-trend-from-japan\"><\/a>\r\n\t\t\t\t\t<\/div>\r\n\t\t\t\t<\/div>\r\n\t\t\t\t\t\t<div class=\"sina-bp-content\">\r\n\t\t\t\t\t\t\t\t<h2 class=\"sina-bp-title\">\r\n\t\t\t\t\t<a href=\"https:\/\/www.takecare-beauty.com\/en\/what-is-kawai-everything-you-need-to-know-about-this-trend-from-japan\">What is Kawai? Everything you need to know about this trend from Japan!<\/a>\r\n\t\t\t\t<\/h2>\r\n\t\t\t\t\r\n\t\t\t\t\t\t\t\t\t<div class=\"sina-bp-text\">\r\n\t\t\t\t\t\tIf you've stumbled across this page, it's probably because you've already heard the word Kawai somewhere, but you're wondering what it really means. Don't panic, we'll explain it&hellip;\t\t\t\t\t<\/div>\r\n\t\t\t\t\r\n\t\t\t\t\t\t\t\t\t\t\t<\/div>\r\n\t\t<\/div>\r\n\t<\/div>\r\n\t<div class=\"sina-bp-col sina-bp-item-3 \">\r\n\t\t<div class=\"sina-bp \">\r\n\t\t\t\t\t\t\t<div class=\"sina-bg-thumb\">\r\n\t\t\t\t\t<img decoding=\"async\" data-src=\"https:\/\/www.takecare-beauty.com\/wp-content\/uploads\/2024\/10\/HK-2-scaled.jpg\" alt=\"Discover the magical world of Hello Kitty with TAKE CARE\" src=\"data:image\/svg+xml;base64,PHN2ZyB3aWR0aD0iMSIgaGVpZ2h0PSIxIiB4bWxucz0iaHR0cDovL3d3dy53My5vcmcvMjAwMC9zdmciPjwvc3ZnPg==\" class=\"lazyload\" style=\"--smush-placeholder-width: 2560px; --smush-placeholder-aspect-ratio: 2560\/1707;\">\r\n\t\t\t\t\t<div class=\"sina-overlay\">\r\n\t\t\t\t\t\t<a href=\"https:\/\/www.takecare-beauty.com\/en\/discover-the-magical-world-of-hello-kitty-with-take-care\"><\/a>\r\n\t\t\t\t\t<\/div>\r\n\t\t\t\t<\/div>\r\n\t\t\t\t\t\t<div class=\"sina-bp-content\">\r\n\t\t\t\t\t\t\t\t<h2 class=\"sina-bp-title\">\r\n\t\t\t\t\t<a href=\"https:\/\/www.takecare-beauty.com\/en\/discover-the-magical-world-of-hello-kitty-with-take-care\">Discover the magical world of Hello Kitty with TAKE CARE<\/a>\r\n\t\t\t\t<\/h2>\r\n\t\t\t\t\r\n\t\t\t\t\t\t\t\t\t<div class=\"sina-bp-text\">\r\n\t\t\t\t\t\tDive into a world of sweetness and fantasy with Hello Kitty, a timeless icon that has been charming little ones and adults alike for many, many years.At TAKE&hellip;\t\t\t\t\t<\/div>\r\n\t\t\t\t\r\n\t\t\t\t\t\t\t\t\t\t\t<\/div>\r\n\t\t<\/div>\r\n\t<\/div>\r\n\t\t\t\t\t\t\t\t\t\t\t\t\t\t<\/div>\r\n\r\n\t\t\t\t\r\n\t\t\t\t\t\t\t\t<input type=\"hidden\" id=\"sina_load_more_postsc8ed21d\" name=\"sina_load_more_postsc8ed21d\" value=\"85795a41da\" \/><input type=\"hidden\" name=\"_wp_http_referer\" value=\"\/en\/wp-json\/wp\/v2\/pages\/4410\" \/>\t\t\t<\/div><!-- .sina-blogpost -->\r\n\t\t\t\t\t\t\t<\/div>\n\t\t\t\t<\/div>\n\t\t\t\t\t<\/div>\n\t\t\t\t<\/div>\n\t\t\t\t<\/div>\n\t\t","protected":false},"excerpt":{"rendered":"<p>Blog Qu&#8217;est-ce que le Kawa\u00ef ? Tout ce qu&#8217;il faut savoir sur cette tendance venue du Japon ! Si tu es tomb\u00e9 ici, c&#8217;est s\u00fbrement que tu as d\u00e9j\u00e0 entendu le mot Kawa\u00ef quelque part, mais tu te demandes ce que \u00e7a veut vraiment dire. Pas\u2026 D\u00e9couvrez l\u2019univers magique d\u2019Hello Kitty avec TAKE CARE Plonger [&hellip;]<\/p>\n","protected":false},"author":1,"featured_media":0,"parent":0,"menu_order":0,"comment_status":"closed","ping_status":"closed","template":"","meta":{"footnotes":""},"class_list":["post-4410","page","type-page","status-publish","hentry"],"yoast_head":"<!-- This site is optimized with the Yoast SEO plugin v27.5 - https:\/\/yoast.com\/product\/yoast-seo-wordpress\/ -->\n<title>Blog - TakeCare<\/title>\n<meta name=\"robots\" content=\"index, follow, max-snippet:-1, max-image-preview:large, max-video-preview:-1\" \/>\n<link rel=\"canonical\" href=\"https:\/\/www.takecare-beauty.com\/en\/blog\" \/>\n<meta property=\"og:locale\" content=\"en_US\" \/>\n<meta property=\"og:type\" content=\"article\" \/>\n<meta property=\"og:title\" content=\"Blog - TakeCare\" \/>\n<meta property=\"og:description\" content=\"Blog Qu&#8217;est-ce que le Kawa\u00ef ? Tout ce qu&#8217;il faut savoir sur cette tendance venue du Japon ! Si tu es tomb\u00e9 ici, c&#8217;est s\u00fbrement que tu as d\u00e9j\u00e0 entendu le mot Kawa\u00ef quelque part, mais tu te demandes ce que \u00e7a veut vraiment dire. Pas\u2026 D\u00e9couvrez l\u2019univers magique d\u2019Hello Kitty avec TAKE CARE Plonger [&hellip;]\" \/>\n<meta property=\"og:url\" content=\"https:\/\/www.takecare-beauty.com\/en\/blog\" \/>\n<meta property=\"og:site_name\" content=\"TakeCare\" \/>\n<meta property=\"article:modified_time\" content=\"2024-11-05T09:57:14+00:00\" \/>\n<meta property=\"og:image\" content=\"https:\/\/www.takecare-beauty.com\/wp-content\/uploads\/2024\/10\/Image1-kawai.jpg\" \/>\n<meta name=\"twitter:card\" content=\"summary_large_image\" \/>\n<script type=\"application\/ld+json\" class=\"yoast-schema-graph\">{\"@context\":\"https:\\\/\\\/schema.org\",\"@graph\":[{\"@type\":\"WebPage\",\"@id\":\"https:\\\/\\\/www.takecare-beauty.com\\\/en\\\/blog\",\"url\":\"https:\\\/\\\/www.takecare-beauty.com\\\/en\\\/blog\",\"name\":\"Blog - TakeCare\",\"isPartOf\":{\"@id\":\"https:\\\/\\\/www.takecare-beauty.com\\\/#website\"},\"primaryImageOfPage\":{\"@id\":\"https:\\\/\\\/www.takecare-beauty.com\\\/en\\\/blog#primaryimage\"},\"image\":{\"@id\":\"https:\\\/\\\/www.takecare-beauty.com\\\/en\\\/blog#primaryimage\"},\"thumbnailUrl\":\"https:\\\/\\\/www.takecare-beauty.com\\\/wp-content\\\/uploads\\\/2024\\\/10\\\/Image1-kawai.jpg\",\"datePublished\":\"2024-10-12T13:32:56+00:00\",\"dateModified\":\"2024-11-05T09:57:14+00:00\",\"breadcrumb\":{\"@id\":\"https:\\\/\\\/www.takecare-beauty.com\\\/en\\\/blog#breadcrumb\"},\"inLanguage\":\"en-US\",\"potentialAction\":[{\"@type\":\"ReadAction\",\"target\":[\"https:\\\/\\\/www.takecare-beauty.com\\\/en\\\/blog\"]}]},{\"@type\":\"ImageObject\",\"inLanguage\":\"en-US\",\"@id\":\"https:\\\/\\\/www.takecare-beauty.com\\\/en\\\/blog#primaryimage\",\"url\":\"https:\\\/\\\/www.takecare-beauty.com\\\/wp-content\\\/uploads\\\/2024\\\/10\\\/Image1-kawai.jpg\",\"contentUrl\":\"https:\\\/\\\/www.takecare-beauty.com\\\/wp-content\\\/uploads\\\/2024\\\/10\\\/Image1-kawai.jpg\"},{\"@type\":\"BreadcrumbList\",\"@id\":\"https:\\\/\\\/www.takecare-beauty.com\\\/en\\\/blog#breadcrumb\",\"itemListElement\":[{\"@type\":\"ListItem\",\"position\":1,\"name\":\"Accueil\",\"item\":\"https:\\\/\\\/www.takecare-beauty.com\\\/en\\\/take-care-hygiene-health-and-beauty-products-for-children\"},{\"@type\":\"ListItem\",\"position\":2,\"name\":\"Blog\"}]},{\"@type\":\"WebSite\",\"@id\":\"https:\\\/\\\/www.takecare-beauty.com\\\/#website\",\"url\":\"https:\\\/\\\/www.takecare-beauty.com\\\/\",\"name\":\"TakeCare\",\"description\":\"Plongez dans une exp\u00e9rience olfactive gr\u00e2ce \u00e0 nos produits d&#039;hygi\u00e8ne, de sant\u00e9 et de beaut\u00e9 o\u00f9 les senteurs s&#039;entrem\u00ealent en harmonie.\",\"publisher\":{\"@id\":\"https:\\\/\\\/www.takecare-beauty.com\\\/#organization\"},\"potentialAction\":[{\"@type\":\"SearchAction\",\"target\":{\"@type\":\"EntryPoint\",\"urlTemplate\":\"https:\\\/\\\/www.takecare-beauty.com\\\/?s={search_term_string}\"},\"query-input\":{\"@type\":\"PropertyValueSpecification\",\"valueRequired\":true,\"valueName\":\"search_term_string\"}}],\"inLanguage\":\"en-US\"},{\"@type\":\"Organization\",\"@id\":\"https:\\\/\\\/www.takecare-beauty.com\\\/#organization\",\"name\":\"TakeCare\",\"url\":\"https:\\\/\\\/www.takecare-beauty.com\\\/\",\"logo\":{\"@type\":\"ImageObject\",\"inLanguage\":\"en-US\",\"@id\":\"https:\\\/\\\/www.takecare-beauty.com\\\/#\\\/schema\\\/logo\\\/image\\\/\",\"url\":\"https:\\\/\\\/www.takecare-beauty.com\\\/wp-content\\\/uploads\\\/2024\\\/09\\\/TAKE-CARE-LOGO-couleurs-17-2.png\",\"contentUrl\":\"https:\\\/\\\/www.takecare-beauty.com\\\/wp-content\\\/uploads\\\/2024\\\/09\\\/TAKE-CARE-LOGO-couleurs-17-2.png\",\"width\":680,\"height\":232,\"caption\":\"TakeCare\"},\"image\":{\"@id\":\"https:\\\/\\\/www.takecare-beauty.com\\\/#\\\/schema\\\/logo\\\/image\\\/\"}}]}<\/script>\n<!-- \/ Yoast SEO plugin. -->","yoast_head_json":{"title":"Blog - TakeCare","robots":{"index":"index","follow":"follow","max-snippet":"max-snippet:-1","max-image-preview":"max-image-preview:large","max-video-preview":"max-video-preview:-1"},"canonical":"https:\/\/www.takecare-beauty.com\/en\/blog","og_locale":"en_US","og_type":"article","og_title":"Blog - TakeCare","og_description":"Blog Qu&#8217;est-ce que le Kawa\u00ef ? Tout ce qu&#8217;il faut savoir sur cette tendance venue du Japon ! Si tu es tomb\u00e9 ici, c&#8217;est s\u00fbrement que tu as d\u00e9j\u00e0 entendu le mot Kawa\u00ef quelque part, mais tu te demandes ce que \u00e7a veut vraiment dire. Pas\u2026 D\u00e9couvrez l\u2019univers magique d\u2019Hello Kitty avec TAKE CARE Plonger [&hellip;]","og_url":"https:\/\/www.takecare-beauty.com\/en\/blog","og_site_name":"TakeCare","article_modified_time":"2024-11-05T09:57:14+00:00","og_image":[{"url":"https:\/\/www.takecare-beauty.com\/wp-content\/uploads\/2024\/10\/Image1-kawai.jpg","type":"","width":"","height":""}],"twitter_card":"summary_large_image","schema":{"@context":"https:\/\/schema.org","@graph":[{"@type":"WebPage","@id":"https:\/\/www.takecare-beauty.com\/en\/blog","url":"https:\/\/www.takecare-beauty.com\/en\/blog","name":"Blog - TakeCare","isPartOf":{"@id":"https:\/\/www.takecare-beauty.com\/#website"},"primaryImageOfPage":{"@id":"https:\/\/www.takecare-beauty.com\/en\/blog#primaryimage"},"image":{"@id":"https:\/\/www.takecare-beauty.com\/en\/blog#primaryimage"},"thumbnailUrl":"https:\/\/www.takecare-beauty.com\/wp-content\/uploads\/2024\/10\/Image1-kawai.jpg","datePublished":"2024-10-12T13:32:56+00:00","dateModified":"2024-11-05T09:57:14+00:00","breadcrumb":{"@id":"https:\/\/www.takecare-beauty.com\/en\/blog#breadcrumb"},"inLanguage":"en-US","potentialAction":[{"@type":"ReadAction","target":["https:\/\/www.takecare-beauty.com\/en\/blog"]}]},{"@type":"ImageObject","inLanguage":"en-US","@id":"https:\/\/www.takecare-beauty.com\/en\/blog#primaryimage","url":"https:\/\/www.takecare-beauty.com\/wp-content\/uploads\/2024\/10\/Image1-kawai.jpg","contentUrl":"https:\/\/www.takecare-beauty.com\/wp-content\/uploads\/2024\/10\/Image1-kawai.jpg"},{"@type":"BreadcrumbList","@id":"https:\/\/www.takecare-beauty.com\/en\/blog#breadcrumb","itemListElement":[{"@type":"ListItem","position":1,"name":"Accueil","item":"https:\/\/www.takecare-beauty.com\/en\/take-care-hygiene-health-and-beauty-products-for-children"},{"@type":"ListItem","position":2,"name":"Blog"}]},{"@type":"WebSite","@id":"https:\/\/www.takecare-beauty.com\/#website","url":"https:\/\/www.takecare-beauty.com\/","name":"TakeCare","description":"Plongez dans une exp\u00e9rience olfactive gr\u00e2ce \u00e0 nos produits d&#039;hygi\u00e8ne, de sant\u00e9 et de beaut\u00e9 o\u00f9 les senteurs s&#039;entrem\u00ealent en harmonie.","publisher":{"@id":"https:\/\/www.takecare-beauty.com\/#organization"},"potentialAction":[{"@type":"SearchAction","target":{"@type":"EntryPoint","urlTemplate":"https:\/\/www.takecare-beauty.com\/?s={search_term_string}"},"query-input":{"@type":"PropertyValueSpecification","valueRequired":true,"valueName":"search_term_string"}}],"inLanguage":"en-US"},{"@type":"Organization","@id":"https:\/\/www.takecare-beauty.com\/#organization","name":"TakeCare","url":"https:\/\/www.takecare-beauty.com\/","logo":{"@type":"ImageObject","inLanguage":"en-US","@id":"https:\/\/www.takecare-beauty.com\/#\/schema\/logo\/image\/","url":"https:\/\/www.takecare-beauty.com\/wp-content\/uploads\/2024\/09\/TAKE-CARE-LOGO-couleurs-17-2.png","contentUrl":"https:\/\/www.takecare-beauty.com\/wp-content\/uploads\/2024\/09\/TAKE-CARE-LOGO-couleurs-17-2.png","width":680,"height":232,"caption":"TakeCare"},"image":{"@id":"https:\/\/www.takecare-beauty.com\/#\/schema\/logo\/image\/"}}]}},"_links":{"self":[{"href":"https:\/\/www.takecare-beauty.com\/en\/wp-json\/wp\/v2\/pages\/4410","targetHints":{"allow":["GET"]}}],"collection":[{"href":"https:\/\/www.takecare-beauty.com\/en\/wp-json\/wp\/v2\/pages"}],"about":[{"href":"https:\/\/www.takecare-beauty.com\/en\/wp-json\/wp\/v2\/types\/page"}],"author":[{"embeddable":true,"href":"https:\/\/www.takecare-beauty.com\/en\/wp-json\/wp\/v2\/users\/1"}],"replies":[{"embeddable":true,"href":"https:\/\/www.takecare-beauty.com\/en\/wp-json\/wp\/v2\/comments?post=4410"}],"version-history":[{"count":0,"href":"https:\/\/www.takecare-beauty.com\/en\/wp-json\/wp\/v2\/pages\/4410\/revisions"}],"wp:attachment":[{"href":"https:\/\/www.takecare-beauty.com\/en\/wp-json\/wp\/v2\/media?parent=4410"}],"curies":[{"name":"wp","href":"https:\/\/api.w.org\/{rel}","templated":true}]}}